{"id":397,"date":"2026-04-23T11:07:01","date_gmt":"2026-04-23T09:07:01","guid":{"rendered":"https:\/\/www.diocesicassanoalloionio.it\/evangelizzazione\/?page_id=397"},"modified":"2026-04-23T11:07:01","modified_gmt":"2026-04-23T09:07:01","slug":"linee-guida-e-finalita","status":"publish","type":"page","link":"https:\/\/www.diocesicassanoalloionio.it\/evangelizzazione\/linee-guida-e-finalita\/","title":{"rendered":"Linee Guida e Finalit\u00e0"},"content":{"rendered":"<p><strong><em><u>Settore dell\u2019Apostolato Biblico<\/u><\/em><\/strong><\/p>\n<p>\u201c\u00c8 necessario che i fedeli abbiano grande accesso alla Sacra Scrittura\u201d (Dei Verbum, 22)<\/p>\n<p>Il Settore dell\u2019Apostolato Biblico nasce con l\u2019impegno di animare la pastorale biblica nella nostra Diocesi, promuovendo iniziative che favoriscano un contatto diretto, personale e comunitario con la Sacra Scrittura.<\/p>\n<p>Ogni attivit\u00e0 pastorale trova il suo fondamento nella Parola di Dio, fonte primaria e radice di tutta la vita della Chiesa. Per questo l\u2019animazione biblica non \u00e8 un ambito tra gli altri, ma la dimensione che sostiene e illumina ogni azione ecclesiale.<\/p>\n<p>Come afferma la Conferenza Episcopale Italiana: \u201cPer Apostolato Biblico si intende specificamente la cura e promozione, tra il popolo di Dio, dell\u2019incontro diretto con il Libro Sacro, in quanto Parola di Dio e narrazione della storia della salvezza.\u201d (CEI \u2013 UCN, L\u2019Apostolato Biblico nelle comunit\u00e0 ecclesiali \u2013 Orientamenti Operativi, 2005)<\/p>\n<p>L\u2019intento del Settore \u00e8 promuovere, sia a livello diocesano sia nelle comunit\u00e0 parrocchiali, una pi\u00f9 profonda conoscenza della Parola, favorendo un autentico incontro con Cristo. Come ricorda San Girolamo: \u00abL\u2019ignoranza delle Scritture \u00e8 ignoranza di Cristo.\u00bb<\/p>\n<p><strong><em><u>Finalit\u00e0 pastorali<\/u><\/em><\/strong><\/p>\n<p>Poich\u00e9 la Parola \u00e8 il centro della nostra fede, si auspica che in ogni parrocchia si promuovano iniziative quali:<\/p>\n<ul>\n<li>gruppi biblici;<\/li>\n<li>Scuole della Parola;<\/li>\n<li>percorsi di Lectio divina;<\/li>\n<li>incontri di ascolto e approfondimento nei tempi forti dell\u2019anno liturgico.<\/li>\n<\/ul>\n<p>Tali esperienze, guidate dal parroco e da collaboratori adeguatamente formati, aiuteranno i fedeli a riscoprire la radice biblica di ogni attivit\u00e0 pastorale.<\/p>\n<p>Il Settore dell\u2019Apostolato Biblico si rende disponibile a sostenere le parrocchie del territorio diocesano attraverso incontri di formazione, valorizzando i sacerdoti e i formatori gi\u00e0 presenti in Diocesi, evitando cos\u00ec di gravare sull\u2019economia diocesana.<\/p>\n<p><strong><em><u>Formazione degli operatori pastorali<\/u><\/em><\/strong><\/p>\n<p>In collaborazione con l\u2019Ufficio per l\u2019Evangelizzazione e gli altri uffici diocesani, saranno promossi percorsi di formazione biblica rivolti a:<\/p>\n<ul>\n<li>catechisti;<\/li>\n<li>animatori liturgici;<\/li>\n<li>ministri straordinari dell\u2019Eucaristia;<\/li>\n<li>operatori pastorali;<\/li>\n<li>ministri istituiti.<\/li>\n<\/ul>\n<p>Negli ultimi tempi \u00e8 emersa l\u2019esigenza di una pi\u00f9 solida formazione alle Sacre Scritture. A tal proposito, Papa Francesco ricorda nell\u2019Evangelii gaudium: \u201cIn virt\u00f9 del battesimo ricevuto, ogni membro del popolo di Dio \u00e8 diventato discepolo missionario\u201d (EG 120).<\/p>\n<p>Essere discepoli missionari implica un serio e continuo approfondimento biblico, indispensabile per chiunque svolga un servizio ecclesiale.<\/p>\n<p><strong><em><u>Destinatari e percorsi differenziati<\/u><\/em><\/strong><\/p>\n<p>Particolare attenzione sar\u00e0 rivolta al mondo degli adulti, tenendo conto delle diverse situazioni:<\/p>\n<ul>\n<li>adulti privi di fede o di cultura biblica, che forse non hanno mai aperto la Bibbia;<\/li>\n<li>adulti con una formazione elementare o limitata all\u2019et\u00e0 infantile;<\/li>\n<li>adulti desiderosi di approfondire la propria conoscenza della Scrittura;<\/li>\n<li>adulti gi\u00e0 appassionati al testo sacro, disponibili a maturare un impegno missionario.<\/li>\n<\/ul>\n<p><strong><em><u>A ciascuna di queste categorie sar\u00e0 proposta una catechesi adeguata:<\/u><\/em><\/strong><\/p>\n<ul>\n<li>il Kerigma, come primo annuncio;<\/li>\n<li>esperienze significative che mostrino l\u2019attualit\u00e0 della Parola e aiutino a superare ignoranza, superstizioni e forme di \u201creligione fai-da-te\u201d;<\/li>\n<li>percorsi che evidenzino come la Bibbia, letta in chiave storica e correttamente interpretata, non sia una raccolta di racconti per bambini, ma una riflessione profonda sui grandi interrogativi dell\u2019uomo;<\/li>\n<li>corsi di formazione per animatori, con concrete opportunit\u00e0 di servizio e accompagnamento.<\/li>\n<\/ul>\n<p>\u00c8 fondamentale valorizzare le persone gi\u00e0 formate in Diocesi, offrendo loro fiducia e sostegno, affinch\u00e9 possano mettersi in gioco con responsabilit\u00e0 e competenza.<\/p>\n<p><strong><em><u>Proposte e iniziative<\/u><\/em><\/strong><\/p>\n<p>Tra le esperienze concrete che il Settore intende promuovere:<\/p>\n<ul>\n<li>la Lectio divina, personale e comunitaria;<\/li>\n<li>gruppi di studio biblico, anche nelle famiglie, con lettura continua e integrale della Scrittura, guidati da animatori adeguatamente formati e individuati dal parroco;<\/li>\n<li>incontri parrocchiali nei tempi forti (Avvento e Quaresima), come esercizi spirituali centrati sull\u2019ascolto e la contemplazione della Parola;<\/li>\n<li>percorsi di preparazione ai sacramenti che evidenzino il loro fondamento biblico;<\/li>\n<li>weekend biblici diocesani, orientati all\u2019incontro con la Sacra Scrittura attraverso l\u2019ascolto, la preghiera e la condivisione, affrontando temi attuali (pace, lavoro, innovazioni tecnologiche, cambiamenti climatici, costume) alla luce del messaggio biblico e del Magistero;<\/li>\n<li>realizzazione di un sussidio o di una rivista mensile biblico-catechistica (Apostolato Biblico e Catecumenato), valorizzando le competenze presenti in Diocesi;<\/li>\n<li>istituzione della Scuola Diocesana della Parola, come percorso annuale di formazione per catechisti e operatori pastorali.<\/li>\n<\/ul>\n<p>La Scuola Diocesana della Parola non sar\u00e0 intesa in senso accademico, ma come cammino ecclesiale volto a riscoprire la gioia dell\u2019ascolto e dell\u2019annuncio del Vangelo. Essa sar\u00e0 un servizio sia per i credenti, che si accostano alla Scrittura come Libro della fede, sia per le persone in ricerca, desiderose di comprendere anche le pagine pi\u00f9 complesse dell\u2019Antico Testamento, promuovendo lo studio di entrambi i Testamenti.<\/p>\n<p><strong>Metodo e collaborazione<\/strong><\/p>\n<p>L\u2019impegno dell\u2019Ufficio per l\u2019Evangelizzazione e del Settore dell\u2019Apostolato Biblico sar\u00e0 quello di:<\/p>\n<ul>\n<li>valorizzare le competenze gi\u00e0 presenti sul territorio;<\/li>\n<li>formare nuovi animatori capaci di accompagnare altri adulti;<\/li>\n<li>offrire supporto biblico, teologico e liturgico;<\/li>\n<li>individuare eventuali carenze attraverso il dialogo con sacerdoti e realt\u00e0 parrocchiali;<\/li>\n<li>partecipare agli incontri di formazione a livello nazionale e regionale per garantire un costante aggiornamento.<\/li>\n<\/ul>\n<p><strong><em><u>Conclusione<\/u><\/em><\/strong><\/p>\n<p>Il Settore dell\u2019Apostolato Biblico desidera contribuire a rendere la Parola di Dio il cuore pulsante della vita diocesana, affinch\u00e9 ogni fedele possa incontrare Cristo nella Scrittura e diventare autentico discepolo missionario.<\/p>\n<p>&nbsp;<\/p>\n","protected":false},"excerpt":{"rendered":"<p>Settore dell\u2019Apostolato Biblico \u201c\u00c8 necessario che i fedeli abbiano grande accesso alla Sacra Scrittura\u201d (Dei Verbum, 22) Il Settore dell\u2019Apostolato Biblico nasce con l\u2019impegno di animare la pastorale biblica nella nostra Diocesi, promuovendo iniziative che favoriscano un contatto diretto, personale e comunitario con la Sacra Scrittura. Ogni attivit\u00e0 pastorale trova il suo fondamento nella Parola [&hellip;]<\/p>\n","protected":false},"author":0,"featured_media":0,"parent":0,"menu_order":0,"comment_status":"closed","ping_status":"closed","template":"","meta":{"_acf_changed":false,"footnotes":""},"acf":{"seed-localization-paese-cod":"","seed-localization-address":"","seed-localization-citta":"","seed-localization-regione-cod-istat":"","seed-localization-citta-cod-istat":"","seed-localization-localita":"","seed-localization-cap":"","seed-localization-geo":{"lat":41.9053433,"lng":12.5093079,"zoom":10,"markers":[],"address":"","layers":["OpenStreetMap.Mapnik"],"version":"1.5.6"},"seed-localization-marker-visibility":false,"seed-localization-children-visibility":false,"seed-localization-kml":"","seed-localization-custom-marker":""},"_links":{"self":[{"href":"https:\/\/www.diocesicassanoalloionio.it\/evangelizzazione\/wp-json\/wp\/v2\/pages\/397"}],"collection":[{"href":"https:\/\/www.diocesicassanoalloionio.it\/evangelizzazione\/wp-json\/wp\/v2\/pages"}],"about":[{"href":"https:\/\/www.diocesicassanoalloionio.it\/evangelizzazione\/wp-json\/wp\/v2\/types\/page"}],"author":[{"embeddable":true,"href":"https:\/\/www.diocesicassanoalloionio.it\/evangelizzazione\/wp-json\/wp\/v2\/users\/8"}],"replies":[{"embeddable":true,"href":"https:\/\/www.diocesicassanoalloionio.it\/evangelizzazione\/wp-json\/wp\/v2\/comments?post=397"}],"version-history":[{"count":1,"href":"https:\/\/www.diocesicassanoalloionio.it\/evangelizzazione\/wp-json\/wp\/v2\/pages\/397\/revisions"}],"predecessor-version":[{"id":398,"href":"https:\/\/www.diocesicassanoalloionio.it\/evangelizzazione\/wp-json\/wp\/v2\/pages\/397\/revisions\/398"}],"wp:attachment":[{"href":"https:\/\/www.diocesicassanoalloionio.it\/evangelizzazione\/wp-json\/wp\/v2\/media?parent=397"}],"curies":[{"name":"wp","href":"https:\/\/api.w.org\/{rel}","templated":true}]}}